{"id":53,"date":"2021-09-09T21:22:35","date_gmt":"2021-09-09T19:22:35","guid":{"rendered":"https:\/\/www.juliettecome.fr\/?page_id=53"},"modified":"2025-01-07T10:00:34","modified_gmt":"2025-01-07T09:00:34","slug":"qui-suis-je-pourquoi-consulter","status":"publish","type":"page","link":"https:\/\/www.juliettecome.fr\/index.php\/qui-suis-je-pourquoi-consulter\/","title":{"rendered":"Qui suis-je ? Pourquoi consulter ?"},"content":{"rendered":"\n<p class=\"has-normal-font-size\">Dipl\u00f4m\u00e9e en psychologie clinique, j&rsquo;ai travaill\u00e9 16 ans au CHU de Rouen et au Centre Hospitalier du Rouvray aupr\u00e8s d\u2019adultes, d\u2019enfants et de leurs familles.<\/p>\n\n\n\n<p class=\"has-normal-font-size\">Je propose depuis 2021 des consultations en lib\u00e9ral, au Cabinet Avec Soi situ\u00e9 \u00e0 Bois Guillaume.<\/p>\n\n\n\n<p class=\"has-normal-font-size\">Je suis form\u00e9e \u00e0 la<strong> th\u00e9rapie br\u00e8ve <\/strong>(selon<strong> le mod\u00e8le de Palo Alto<\/strong>) et aux <strong>th\u00e9rapies comportementales et cognitives (TCC)<\/strong>. Ces approches me permettent de vous aider concr\u00e8tement et efficacement. &nbsp;<\/p>\n\n\n\n<p style=\"font-size:30px\">Pourquoi consulter?<\/p>\n\n\n\n<p><em><strong>Pou<\/strong><\/em><strong><em>r r\u00e9soudre des probl\u00e8mes personnels:<\/em> <\/strong> Stress, Anxi\u00e9t\u00e9, Phobie, TOC, B\u00e9gaiement, Surmenage, Burn out, D\u00e9pression, Deuil, Addiction, Traumatisme et toutes autres souffrances\u2026 (adultes \/ adolescents \/ enfants) <\/p>\n\n\n\n<p><em><strong>Pour r\u00e9soudre des probl\u00e8mes relationnels :<\/strong><\/em>  Relations parents-enfant, relation de couple, relation fratrie, conflits familiaux, relations professionnelles <\/p>\n\n\n\n<p><em><strong>Sp\u00e9cificit\u00e9 souffrances scolaires :<\/strong><\/em>  Probl\u00e9matiques d\u2019ordre relationnel (difficult\u00e9 \u00e0 se faire des copains, \u00e0 faire face au harc\u00e8lement\u2026) et probl\u00e9matiques li\u00e9es aux apprentissages (difficult\u00e9 \u00e0 se mettre au travail, manque d\u2019autonomie dans le travail\u2026) <\/p>\n\n\n\n<p><\/p>\n\n\n\n<p><\/p>\n","protected":false},"excerpt":{"rendered":"<p>Dipl\u00f4m\u00e9e en psychologie clinique, j&rsquo;ai travaill\u00e9 16 ans au CHU de Rouen et au Centre Hospitalier du Rouvray aupr\u00e8s d\u2019adultes, d\u2019enfants et de leurs familles. Je propose depuis 2021 des consultations en lib\u00e9ral, au Cabinet Avec Soi situ\u00e9 \u00e0 Bois Guillaume. Je suis form\u00e9e \u00e0 la th\u00e9rapie br\u00e8ve (selon le mod\u00e8le de Palo Alto) et&hellip; <a class=\"more-link\" href=\"https:\/\/www.juliettecome.fr\/index.php\/qui-suis-je-pourquoi-consulter\/\">Poursuivre la lecture <span class=\"screen-reader-text\">Qui suis-je ? Pourquoi consulter ?<\/span><\/a><\/p>\n","protected":false},"author":1,"featured_media":0,"parent":0,"menu_order":0,"comment_status":"closed","ping_status":"closed","template":"","meta":{"footnotes":""},"class_list":["post-53","page","type-page","status-publish","hentry","entry"],"_links":{"self":[{"href":"https:\/\/www.juliettecome.fr\/index.php\/wp-json\/wp\/v2\/pages\/53","targetHints":{"allow":["GET"]}}],"collection":[{"href":"https:\/\/www.juliettecome.fr\/index.php\/wp-json\/wp\/v2\/pages"}],"about":[{"href":"https:\/\/www.juliettecome.fr\/index.php\/wp-json\/wp\/v2\/types\/page"}],"author":[{"embeddable":true,"href":"https:\/\/www.juliettecome.fr\/index.php\/wp-json\/wp\/v2\/users\/1"}],"replies":[{"embeddable":true,"href":"https:\/\/www.juliettecome.fr\/index.php\/wp-json\/wp\/v2\/comments?post=53"}],"version-history":[{"count":17,"href":"https:\/\/www.juliettecome.fr\/index.php\/wp-json\/wp\/v2\/pages\/53\/revisions"}],"predecessor-version":[{"id":159,"href":"https:\/\/www.juliettecome.fr\/index.php\/wp-json\/wp\/v2\/pages\/53\/revisions\/159"}],"wp:attachment":[{"href":"https:\/\/www.juliettecome.fr\/index.php\/wp-json\/wp\/v2\/media?parent=53"}],"curies":[{"name":"wp","href":"https:\/\/api.w.org\/{rel}","templated":true}]}}