{"id":56,"date":"2021-09-09T21:23:15","date_gmt":"2021-09-09T19:23:15","guid":{"rendered":"https:\/\/www.juliettecome.fr\/?page_id=56"},"modified":"2025-01-07T09:45:52","modified_gmt":"2025-01-07T08:45:52","slug":"contact","status":"publish","type":"page","link":"https:\/\/www.juliettecome.fr\/index.php\/contact\/","title":{"rendered":"Contact"},"content":{"rendered":"\n<p>Lors du premier rendez-vous, nous d\u00e9finissons la probl\u00e9matique qui vous am\u00e8ne et nous fixons <strong>un objectif th\u00e9rapeutique<\/strong> adapt\u00e9 \u00e0 votre situation. <\/p>\n\n\n\n<p>La consultation dure environ 45 minutes et co\u00fbte 70 euros.<\/p>\n\n\n\n<p>Une facture peut \u00eatre adress\u00e9e \u00e0 votre mutuelle en cas de prise en charge. <\/p>\n\n\n\n<p><\/p>\n\n\n\n<pre class=\"wp-block-verse\"><u>Prise de rendez-vous sur le site A 180 Degr\u00e9s ou par t\u00e9l\u00e9phone<\/u> :<\/pre>\n\n\n\n<p><strong>\u200b06 62 58 22 41<\/strong><\/p>\n\n\n\n<p><\/p>\n\n\n\n<p><a href=\"https:\/\/www.smartagenda.fr\/pro\/a180degres\/rendez-vous\/?affrdv&amp;tkaction=393247--63262-9f69404787f79\"><strong>https:\/\/www.smartagenda.fr\/pro\/a180degres\/rendez-vous\/?affrdv&amp;tkaction=393247&#8211;63262-9f69404787f79<\/strong><\/a><\/p>\n\n\n\n<p><\/p>\n\n\n\n<p><\/p>\n\n\n\n<p>Consultation via internet <\/p>\n\n\n\n<p>Consultation au cabinet :<\/p>\n\n\n\n<p>789 chemin de la Bret\u00e8que<\/p>\n\n\n\n<p>76230 Bois Guillaume<\/p>\n\n\n\n<p><strong>\u200b<\/strong><\/p>\n\n\n\n<p>Si vous souhaitez plus d&rsquo;informations, n&rsquo;h\u00e9sitez pas \u00e0 me laisser vos coordonn\u00e9es sur ce formulaire et je prendrai contact avec vous.<\/p>\n\n\n\n<div class=\"wp-block-contact-form-7-contact-form-selector\"><div role=\"form\" class=\"wpcf7\" id=\"wpcf7-f86-o1\" lang=\"fr-FR\" dir=\"ltr\">\n<div class=\"screen-reader-response\"><p role=\"status\" aria-live=\"polite\" aria-atomic=\"true\"><\/p> <ul><\/ul><\/div>\n<form action=\"\/index.php\/wp-json\/wp\/v2\/pages\/56#wpcf7-f86-o1\" method=\"post\" class=\"wpcf7-form init\" novalidate=\"novalidate\" data-status=\"init\">\n<div style=\"display: none;\">\n<input type=\"hidden\" name=\"_wpcf7\" value=\"86\" \/>\n<input type=\"hidden\" name=\"_wpcf7_version\" value=\"5.6.2\" \/>\n<input type=\"hidden\" name=\"_wpcf7_locale\" value=\"fr_FR\" \/>\n<input type=\"hidden\" name=\"_wpcf7_unit_tag\" value=\"wpcf7-f86-o1\" \/>\n<input type=\"hidden\" name=\"_wpcf7_container_post\" value=\"0\" \/>\n<input type=\"hidden\" name=\"_wpcf7_posted_data_hash\" value=\"\" \/>\n<\/div>\n<p><label> Votre nom<br \/>\n    <span class=\"wpcf7-form-control-wrap\" data-name=\"your-name\"><input type=\"text\" name=\"your-name\" value=\"\" size=\"40\" class=\"wpcf7-form-control wpcf7-text wpcf7-validates-as-required\" aria-required=\"true\" aria-invalid=\"false\" \/><\/span> <\/label><\/p>\n<p><label> Votre e-mail<br \/>\n    <span class=\"wpcf7-form-control-wrap\" data-name=\"your-email\"><input type=\"email\" name=\"your-email\" value=\"\" size=\"40\" class=\"wpcf7-form-control wpcf7-text wpcf7-email wpcf7-validates-as-required wpcf7-validates-as-email\" aria-required=\"true\" aria-invalid=\"false\" \/><\/span> <\/label><\/p>\n<p><label> Objet<br \/>\n    <span class=\"wpcf7-form-control-wrap\" data-name=\"your-subject\"><input type=\"text\" name=\"your-subject\" value=\"\" size=\"40\" class=\"wpcf7-form-control wpcf7-text wpcf7-validates-as-required\" aria-required=\"true\" aria-invalid=\"false\" \/><\/span> <\/label><\/p>\n<p><label> Votre message (facultatif)<br \/>\n    <span class=\"wpcf7-form-control-wrap\" data-name=\"your-message\"><textarea name=\"your-message\" cols=\"40\" rows=\"10\" class=\"wpcf7-form-control wpcf7-textarea\" aria-invalid=\"false\"><\/textarea><\/span> <\/label><\/p>\n<p><input type=\"submit\" value=\"Envoyer\" class=\"wpcf7-form-control has-spinner wpcf7-submit\" \/><\/p>\n<div class=\"wpcf7-response-output\" aria-hidden=\"true\"><\/div><\/form><\/div><\/div>\n","protected":false},"excerpt":{"rendered":"<p>Lors du premier rendez-vous, nous d\u00e9finissons la probl\u00e9matique qui vous am\u00e8ne et nous fixons un objectif th\u00e9rapeutique adapt\u00e9 \u00e0 votre situation. La consultation dure environ 45 minutes et co\u00fbte 70 euros. Une facture peut \u00eatre adress\u00e9e \u00e0 votre mutuelle en cas de prise en charge. Prise de rendez-vous sur le site A 180 Degr\u00e9s ou&hellip; <a class=\"more-link\" href=\"https:\/\/www.juliettecome.fr\/index.php\/contact\/\">Poursuivre la lecture <span class=\"screen-reader-text\">Contact<\/span><\/a><\/p>\n","protected":false},"author":1,"featured_media":0,"parent":0,"menu_order":0,"comment_status":"closed","ping_status":"closed","template":"","meta":{"footnotes":""},"class_list":["post-56","page","type-page","status-publish","hentry","entry"],"_links":{"self":[{"href":"https:\/\/www.juliettecome.fr\/index.php\/wp-json\/wp\/v2\/pages\/56","targetHints":{"allow":["GET"]}}],"collection":[{"href":"https:\/\/www.juliettecome.fr\/index.php\/wp-json\/wp\/v2\/pages"}],"about":[{"href":"https:\/\/www.juliettecome.fr\/index.php\/wp-json\/wp\/v2\/types\/page"}],"author":[{"embeddable":true,"href":"https:\/\/www.juliettecome.fr\/index.php\/wp-json\/wp\/v2\/users\/1"}],"replies":[{"embeddable":true,"href":"https:\/\/www.juliettecome.fr\/index.php\/wp-json\/wp\/v2\/comments?post=56"}],"version-history":[{"count":9,"href":"https:\/\/www.juliettecome.fr\/index.php\/wp-json\/wp\/v2\/pages\/56\/revisions"}],"predecessor-version":[{"id":157,"href":"https:\/\/www.juliettecome.fr\/index.php\/wp-json\/wp\/v2\/pages\/56\/revisions\/157"}],"wp:attachment":[{"href":"https:\/\/www.juliettecome.fr\/index.php\/wp-json\/wp\/v2\/media?parent=56"}],"curies":[{"name":"wp","href":"https:\/\/api.w.org\/{rel}","templated":true}]}}