{"id":65,"date":"2021-09-09T21:35:41","date_gmt":"2021-09-09T19:35:41","guid":{"rendered":"https:\/\/www.juliettecome.fr\/?page_id=65"},"modified":"2021-09-30T10:01:11","modified_gmt":"2021-09-30T08:01:11","slug":"quest-ce-que-la-therapie-breve","status":"publish","type":"page","link":"https:\/\/www.juliettecome.fr\/index.php\/quest-ce-que-la-therapie-breve\/","title":{"rendered":"Qu&rsquo;est-ce que la Th\u00e9rapie br\u00e8ve ?"},"content":{"rendered":"\n<p><strong>La th\u00e9rapie br\u00e8ve selon le mod\u00e8le de Palo Alto<\/strong> s\u2019int\u00e9resse \u00e0 la fa\u00e7on dont chacun aborde ses probl\u00e8mes ici et maintenant.<\/p>\n\n\n\n<p>On la dit<strong> \u00ab\u00a0Syst\u00e9mique\u00a0\u00bb<\/strong> parce qu\u2019elle prend en compte la personne dans son contexte de vie, son environnement personnel, familial et professionnel, bref son syst\u00e8me\u00a0!<\/p>\n\n\n\n<p>On la dit <strong>\u00ab\u00a0Strat\u00e9gique\u00a0\u00bb <\/strong>parce qu\u2019elle apporte un autre regard sur la situation. Le th\u00e9rapeute propose, \u00e0 l\u2019aide d\u2019exercices concrets construits en fonction de chaque patient, des changements sp\u00e9cifiques et adapt\u00e9s pour permettre au patient de reprendre le contr\u00f4le de sa vie.<\/p>\n\n\n\n<p>C\u2019est une m\u00e9thode de r\u00e9solution de probl\u00e8me qui am\u00e8ne un nouveau point de vu sur des situations qui semblaient jusqu\u2019alors d\u00e9sesp\u00e9r\u00e9es.<\/p>\n","protected":false},"excerpt":{"rendered":"<p>La th\u00e9rapie br\u00e8ve selon le mod\u00e8le de Palo Alto s\u2019int\u00e9resse \u00e0 la fa\u00e7on dont chacun aborde ses probl\u00e8mes ici et maintenant. On la dit \u00ab\u00a0Syst\u00e9mique\u00a0\u00bb parce qu\u2019elle prend en compte la personne dans son contexte de vie, son environnement personnel, familial et professionnel, bref son syst\u00e8me\u00a0! On la dit \u00ab\u00a0Strat\u00e9gique\u00a0\u00bb parce qu\u2019elle apporte un autre&hellip; <a class=\"more-link\" href=\"https:\/\/www.juliettecome.fr\/index.php\/quest-ce-que-la-therapie-breve\/\">Poursuivre la lecture <span class=\"screen-reader-text\">Qu&rsquo;est-ce que la Th\u00e9rapie br\u00e8ve ?<\/span><\/a><\/p>\n","protected":false},"author":1,"featured_media":0,"parent":0,"menu_order":0,"comment_status":"closed","ping_status":"closed","template":"","meta":{"footnotes":""},"class_list":["post-65","page","type-page","status-publish","hentry","entry"],"_links":{"self":[{"href":"https:\/\/www.juliettecome.fr\/index.php\/wp-json\/wp\/v2\/pages\/65","targetHints":{"allow":["GET"]}}],"collection":[{"href":"https:\/\/www.juliettecome.fr\/index.php\/wp-json\/wp\/v2\/pages"}],"about":[{"href":"https:\/\/www.juliettecome.fr\/index.php\/wp-json\/wp\/v2\/types\/page"}],"author":[{"embeddable":true,"href":"https:\/\/www.juliettecome.fr\/index.php\/wp-json\/wp\/v2\/users\/1"}],"replies":[{"embeddable":true,"href":"https:\/\/www.juliettecome.fr\/index.php\/wp-json\/wp\/v2\/comments?post=65"}],"version-history":[{"count":5,"href":"https:\/\/www.juliettecome.fr\/index.php\/wp-json\/wp\/v2\/pages\/65\/revisions"}],"predecessor-version":[{"id":151,"href":"https:\/\/www.juliettecome.fr\/index.php\/wp-json\/wp\/v2\/pages\/65\/revisions\/151"}],"wp:attachment":[{"href":"https:\/\/www.juliettecome.fr\/index.php\/wp-json\/wp\/v2\/media?parent=65"}],"curies":[{"name":"wp","href":"https:\/\/api.w.org\/{rel}","templated":true}]}}